{"id":2,"date":"2016-02-22T19:26:44","date_gmt":"2016-02-22T18:26:44","guid":{"rendered":"http:\/\/www.automoto-sr.info\/?page_id=2"},"modified":"2023-03-06T19:45:26","modified_gmt":"2023-03-06T18:45:26","slug":"wer-sind-wir","status":"publish","type":"page","link":"https:\/\/www.automoto-sr.info\/?page_id=2","title":{"rendered":"Wer sind wir"},"content":{"rendered":"<table style=\"border-color: #333030\" cellpadding=\"10\">\n<tbody>\n<tr>\n<td style=\"background-color: #d1cdcd;vertical-align: top\"><span style=\"font-size: 16px\"><strong>G<\/strong><\/span><span style=\"font-size: 16px\"><strong>egr\u00fcndet<\/strong><\/span><\/td>\n<td><span style=\"font-size: 16px\">1952<\/span><\/td>\n<\/tr>\n<tr>\n<td style=\"background-color: #d1cdcd\"><span style=\"font-size: 16px\"><strong>Mitglieder<\/strong><\/span><\/td>\n<td><span style=\"font-size: 16px\">33 SAM-Mitglieder, 11 Freie Mitglieder<\/span><\/td>\n<\/tr>\n<tr>\n<td style=\"background-color: #d1cdcd;width: 150px;vertical-align: top\"><span style=\"font-size: 16px\"><strong>Sektion des<\/strong><\/span><\/td>\n<td><strong><span style=\"font-size: 16px\">SAM<\/span><\/strong><br \/>\n<span style=\"font-size: 16px\">Schweizerischer Auto- und Motorradfahrer-Verband<\/span><br \/>\n<span style=\"font-size: 16px\"><a href=\"http:\/\/www.s-a-m.ch\/\" target=\"_blank\" rel=\"attachment noopener wp-att-241 noreferrer\"><img loading=\"lazy\" decoding=\"async\" class=\"alignright wp-image-241 size-full\" src=\"http:\/\/www.automoto-sr.info\/wp-content\/uploads\/2016\/02\/image25e258.jpg\" alt=\"image25e258\" width=\"86\" height=\"86\" \/><\/a>Zentralverwaltung\u00a0<\/span><br \/>\n<span class=\"h5\" style=\"font-size: 16px\">Firststrasse 15<\/span><br \/>\n<span style=\"font-size: 16px\"><strong>8835 Feusisberg<br \/>\n<\/strong><\/span><br \/>\n<span class=\"h5\" style=\"font-size: 16px\">Tel 044 787 61 30<br \/>\nFax 044 787 61 31<\/span><br \/>\n<span id=\"cloak58942\" style=\"font-size: 16px\"><a href=\"mailto:info@s-a-m.ch\">info@s-a-m.ch<\/a><\/span><\/td>\n<\/tr>\n<tr>\n<td style=\"background-color: #d1cdcd\"><strong><span style=\"font-size: 16px\">Clublokal<\/span><\/strong><\/td>\n<td><span style=\"font-size: 16px\">\u00a0Restaurant Frohsinn, Opfikon<\/span><\/td>\n<\/tr>\n<tr>\n<td style=\"background-color: #d1cdcd;vertical-align: top\"><strong><span style=\"font-size: 16px\">Clubmedien<\/span><\/strong><\/td>\n<td>\n<ul>\n<li data-tadv-p=\"keep\"><span style=\"font-size: 16px\">Jahresprogramm<\/span><\/li>\n<li data-tadv-p=\"keep\"><span style=\"font-size: 16px\">Mitgliederinfo (1x pro Jahr &#8211; nach Generalversammlung)<\/span><\/li>\n<li data-tadv-p=\"keep\"><span style=\"font-size: 16px\">Motor Journal (nur SAM-Mitglieder) (12 x pro Jahr)<\/span><\/li>\n<li data-tadv-p=\"keep\"><span style=\"font-size: 16px\">Mailings<\/span><\/li>\n<li data-tadv-p=\"keep\"><span style=\"font-size: 16px\">Homepage<\/span><\/li>\n<\/ul>\n<\/td>\n<\/tr>\n<tr>\n<td style=\"background-color: #d1cdcd;vertical-align: top\"><strong><span style=\"font-size: 16px\">Geschichtliches<\/span><\/strong><\/td>\n<td><span style=\"font-size: 16px\">Im Jahre 1952 animierten sich 5 t\u00f6ffbegeisterte Swissair&#8217;ler zur Clubgr\u00fcndung des heutigen AMC Swissair. Gleichzeitig tratt der neugegr\u00fcndete Club dem jetzigen SAM bei und wurde eine eigene Sektion. Kurze Zeit sp\u00e4ter fand man im Restaurant P\u00f6stli in Kloten das erste Clublokal.<\/span><\/p>\n<p><span style=\"font-size: 16px\">Die Clubaktivit\u00e4ten weiteten sich aus und nebst den T\u00f6fflern gesellten sich immer mehr Autofahrer dazu. Es wurde eine Club- und Kegelmeisterschaft ins Leben gerufen und parallel dazu erweiterte der SAM sein atraktives Dienstleistungsangebot bis zum heutigen Tage f\u00fcr uns Verkehrsteilnehmer.<\/span>\n<\/td>\n<\/tr>\n<tr>\n<td style=\"background-color: #d1cdcd;vertical-align: top\"><strong><span style=\"font-size: 16px\">Ziele<\/span><\/strong><\/td>\n<td><span style=\"font-size: 16px\">Jungen und junggebliebenen Clubmitgliedern bei der Freizeitgestaltung und Pflege der Kamaradschaft sowie des Gedankenaustausches zu unterst\u00fctzen.<\/span><\/td>\n<\/tr>\n<tr>\n<td style=\"background-color: #d1cdcd;vertical-align: top\"><strong><span style=\"font-size: 16px\">Statuten<\/span><\/strong><\/td>\n<td><span style=\"font-size: 16px\"><a href=\"http:\/\/www.automoto-sr.info\/wp-content\/uploads\/2016\/03\/AMC_Statuten.pdf\" target=\"_blank\" rel=\"noopener noreferrer\">AMC Statuten (2001)<\/a><\/span><\/td>\n<\/tr>\n<tr>\n<td style=\"background-color: #d1cdcd;vertical-align: top\"><strong><span style=\"font-size: 16px\">Spenden<\/span><\/strong><\/td>\n<td>\n<span style=\"font-size: 16px\">Wie jeder Verein sind auch wir dankbar f\u00fcr jede Spende. Diese kannst Du uns auf unser Postkonto \u00fcberweisen:<br \/>\n<\/span>IBAN: CH30 0900 0000 8706 6122 7<br \/>\n<span style=\"font-size: revert;font-family: inherit;font-weight: inherit\">BIC: POFICHBEXXX<\/span><\/p>\n<p>oder noch einfacher mit TWINT:<\/p>\n<p><a href=\"http:\/\/www.automoto-sr.info\/wp-content\/uploads\/2021\/11\/TWINT_Individueller-Betrag_DE.png\"><img loading=\"lazy\" decoding=\"async\" class=\"aligncenter size-full wp-image-917\" src=\"http:\/\/www.automoto-sr.info\/wp-content\/uploads\/2021\/11\/TWINT_Individueller-Betrag_DE.png\" alt=\"\" width=\"1087\" height=\"496\" srcset=\"https:\/\/www.automoto-sr.info\/wp-content\/uploads\/2021\/11\/TWINT_Individueller-Betrag_DE.png 1087w, https:\/\/www.automoto-sr.info\/wp-content\/uploads\/2021\/11\/TWINT_Individueller-Betrag_DE-300x137.png 300w, https:\/\/www.automoto-sr.info\/wp-content\/uploads\/2021\/11\/TWINT_Individueller-Betrag_DE-1024x467.png 1024w, https:\/\/www.automoto-sr.info\/wp-content\/uploads\/2021\/11\/TWINT_Individueller-Betrag_DE-768x350.png 768w\" sizes=\"auto, (max-width: 1087px) 100vw, 1087px\" \/><\/a>\n<\/td>\n<\/tr>\n<\/tbody>\n<\/table>\n","protected":false},"excerpt":{"rendered":"<p>Gegr\u00fcndet 1952 Mitglieder 33 SAM-Mitglieder, 11 Freie Mitglieder Sektion des SAM Schweizerischer Auto- und Motorradfahrer-Verband Zentralverwaltung\u00a0 Firststrasse 15 8835 Feusisberg Tel 044 787 61 30 Fax 044 787 61 31 [&hellip;]<\/p>\n","protected":false},"author":1,"featured_media":0,"parent":0,"menu_order":0,"comment_status":"open","ping_status":"closed","template":"","meta":{"om_disable_all_campaigns":false,"_monsterinsights_skip_tracking":false,"_monsterinsights_sitenote_active":false,"_monsterinsights_sitenote_note":"","_monsterinsights_sitenote_category":0,"_EventAllDay":false,"_EventTimezone":"","_EventStartDate":"","_EventEndDate":"","_EventStartDateUTC":"","_EventEndDateUTC":"","_EventShowMap":false,"_EventShowMapLink":false,"_EventURL":"","_EventCost":"","_EventCostDescription":"","_EventCurrencySymbol":"","_EventCurrencyCode":"","_EventCurrencyPosition":"","_EventDateTimeSeparator":"","_EventTimeRangeSeparator":"","_EventOrganizerID":[],"_EventVenueID":[],"_OrganizerEmail":"","_OrganizerPhone":"","_OrganizerWebsite":"","_VenueAddress":"","_VenueCity":"","_VenueCountry":"","_VenueProvince":"","_VenueState":"","_VenueZip":"","_VenuePhone":"","_VenueURL":"","_VenueStateProvince":"","_VenueLat":"","_VenueLng":"","_VenueShowMap":false,"_VenueShowMapLink":false,"footnotes":""},"class_list":["post-2","page","type-page","status-publish","hentry"],"_links":{"self":[{"href":"https:\/\/www.automoto-sr.info\/index.php?rest_route=\/wp\/v2\/pages\/2","targetHints":{"allow":["GET"]}}],"collection":[{"href":"https:\/\/www.automoto-sr.info\/index.php?rest_route=\/wp\/v2\/pages"}],"about":[{"href":"https:\/\/www.automoto-sr.info\/index.php?rest_route=\/wp\/v2\/types\/page"}],"author":[{"embeddable":true,"href":"https:\/\/www.automoto-sr.info\/index.php?rest_route=\/wp\/v2\/users\/1"}],"replies":[{"embeddable":true,"href":"https:\/\/www.automoto-sr.info\/index.php?rest_route=%2Fwp%2Fv2%2Fcomments&post=2"}],"version-history":[{"count":23,"href":"https:\/\/www.automoto-sr.info\/index.php?rest_route=\/wp\/v2\/pages\/2\/revisions"}],"predecessor-version":[{"id":1275,"href":"https:\/\/www.automoto-sr.info\/index.php?rest_route=\/wp\/v2\/pages\/2\/revisions\/1275"}],"wp:attachment":[{"href":"https:\/\/www.automoto-sr.info\/index.php?rest_route=%2Fwp%2Fv2%2Fmedia&parent=2"}],"curies":[{"name":"wp","href":"https:\/\/api.w.org\/{rel}","templated":true}]}}