{"id":101,"date":"2016-03-18T17:23:57","date_gmt":"2016-03-18T16:23:57","guid":{"rendered":"http:\/\/www.automoto-sr.info\/?page_id=101"},"modified":"2023-03-09T14:15:49","modified_gmt":"2023-03-09T13:15:49","slug":"vorstand","status":"publish","type":"page","link":"https:\/\/www.automoto-sr.info\/?page_id=101","title":{"rendered":"Vorstand"},"content":{"rendered":"<table style=\"width: 100%\">\n<tbody>\n<tr>\n<td style=\"width: 31.547619047619047%\"><a href=\"http:\/\/www.automoto-sr.info\/wp-content\/uploads\/2022\/07\/IMG_1700-e1658483032121.jpg\"><img loading=\"lazy\" decoding=\"async\" class=\"wp-image-1207 alignleft\" src=\"http:\/\/www.automoto-sr.info\/wp-content\/uploads\/2022\/07\/IMG_1700-e1658483032121.jpg\" alt=\"\" width=\"129\" height=\"184\" srcset=\"https:\/\/www.automoto-sr.info\/wp-content\/uploads\/2022\/07\/IMG_1700-e1658483032121.jpg 540w, https:\/\/www.automoto-sr.info\/wp-content\/uploads\/2022\/07\/IMG_1700-e1658483032121-211x300.jpg 211w\" sizes=\"auto, (max-width: 129px) 100vw, 129px\" \/><\/a><\/td>\n<td style=\"width: 38.92857142857142%\"><strong>Hansj\u00f6rg Dutler<\/strong><\/p>\n<p>Pr\u00e4sident<br \/>\nSportpr\u00e4sident<\/td>\n<td style=\"width: 1.4285714285714297%\"><\/td>\n<td style=\"width: 28.095238095238095%\">\u00a0<a href=\"http:\/\/www.automoto-sr.info\/?page_id=121\">Nachricht senden<\/a><\/td>\n<\/tr>\n<tr>\n<td style=\"width: 31.547619047619047%\">\u00a0<a href=\"http:\/\/www.automoto-sr.info\/wp-content\/uploads\/2022\/07\/IMG_2571-scaled.jpg\"><img loading=\"lazy\" decoding=\"async\" class=\"wp-image-1214  alignleft\" src=\"http:\/\/www.automoto-sr.info\/wp-content\/uploads\/2022\/07\/IMG_2571-scaled.jpg\" alt=\"\" width=\"142\" height=\"190\" srcset=\"https:\/\/www.automoto-sr.info\/wp-content\/uploads\/2022\/07\/IMG_2571-scaled.jpg 1920w, https:\/\/www.automoto-sr.info\/wp-content\/uploads\/2022\/07\/IMG_2571-225x300.jpg 225w, https:\/\/www.automoto-sr.info\/wp-content\/uploads\/2022\/07\/IMG_2571-768x1024.jpg 768w, https:\/\/www.automoto-sr.info\/wp-content\/uploads\/2022\/07\/IMG_2571-1152x1536.jpg 1152w, https:\/\/www.automoto-sr.info\/wp-content\/uploads\/2022\/07\/IMG_2571-1536x2048.jpg 1536w\" sizes=\"auto, (max-width: 142px) 100vw, 142px\" \/><\/a><\/td>\n<td style=\"width: 40.357142857142854%\" colspan=\"2\"><strong>Janine Franken<\/strong><\/p>\n<p>Kassiererin<br \/>\nWebmasterin<br \/>\nPr\u00e4sidentin der GPK des SAM<\/td>\n<td style=\"width: 28.095238095238095%\">\u00a0<a href=\"http:\/\/www.automoto-sr.info\/?page_id=113\">Nachricht senden<\/a><\/td>\n<\/tr>\n<tr>\n<td style=\"width: 31.547619047619047%\">\u00a0<img loading=\"lazy\" decoding=\"async\" class=\"alignnone wp-image-108 size-full\" src=\"http:\/\/www.automoto-sr.info\/wp-content\/uploads\/2016\/03\/joerg.jpg\" alt=\"joerg\" width=\"105\" height=\"155\" \/><\/td>\n<td style=\"width: 38.92857142857142%\"><strong>J\u00f6rg Imobersteg<\/strong><\/p>\n<p>T\u00f6ffobman<\/td>\n<td style=\"width: 1.4285714285714297%\"><\/td>\n<td style=\"width: 28.095238095238095%\">\u00a0<a href=\"http:\/\/www.automoto-sr.info\/?page_id=123\">Nachricht senden<\/a><\/td>\n<\/tr>\n<tr>\n<td style=\"width: 31.547619047619047%\"><a href=\"http:\/\/www.automoto-sr.info\/wp-content\/uploads\/2016\/03\/UweSanderKopieren.jpg\"><img loading=\"lazy\" decoding=\"async\" class=\"alignleft wp-image-109\" src=\"http:\/\/www.automoto-sr.info\/wp-content\/uploads\/2016\/03\/UweSanderKopieren.jpg\" alt=\"\" width=\"136\" height=\"118\" \/><\/a><\/td>\n<td style=\"width: 38.92857142857142%\"><strong>Uwe Sander<\/strong><\/p>\n<p>Aktuar<\/td>\n<td style=\"width: 1.4285714285714297%\"><\/td>\n<td style=\"width: 28.095238095238095%\">\u00a0<a href=\"http:\/\/www.automoto-sr.info\/?page_id=118\">Nachricht senden<\/a><\/td>\n<\/tr>\n<\/tbody>\n<\/table>\n","protected":false},"excerpt":{"rendered":"<p>Hansj\u00f6rg Dutler Pr\u00e4sident Sportpr\u00e4sident \u00a0Nachricht senden \u00a0 Janine Franken Kassiererin Webmasterin Pr\u00e4sidentin der GPK des SAM \u00a0Nachricht senden \u00a0 J\u00f6rg Imobersteg T\u00f6ffobman \u00a0Nachricht senden Uwe Sander Aktuar \u00a0Nachricht senden<\/p>\n","protected":false},"author":1,"featured_media":0,"parent":2,"menu_order":0,"comment_status":"closed","ping_status":"closed","template":"","meta":{"om_disable_all_campaigns":false,"_monsterinsights_skip_tracking":false,"_monsterinsights_sitenote_active":false,"_monsterinsights_sitenote_note":"","_monsterinsights_sitenote_category":0,"_EventAllDay":false,"_EventTimezone":"","_EventStartDate":"","_EventEndDate":"","_EventStartDateUTC":"","_EventEndDateUTC":"","_EventShowMap":false,"_EventShowMapLink":false,"_EventURL":"","_EventCost":"","_EventCostDescription":"","_EventCurrencySymbol":"","_EventCurrencyCode":"","_EventCurrencyPosition":"","_EventDateTimeSeparator":"","_EventTimeRangeSeparator":"","_EventOrganizerID":[],"_EventVenueID":[],"_OrganizerEmail":"","_OrganizerPhone":"","_OrganizerWebsite":"","_VenueAddress":"","_VenueCity":"","_VenueCountry":"","_VenueProvince":"","_VenueState":"","_VenueZip":"","_VenuePhone":"","_VenueURL":"","_VenueStateProvince":"","_VenueLat":"","_VenueLng":"","_VenueShowMap":false,"_VenueShowMapLink":false,"footnotes":""},"class_list":["post-101","page","type-page","status-publish","hentry"],"_links":{"self":[{"href":"https:\/\/www.automoto-sr.info\/index.php?rest_route=\/wp\/v2\/pages\/101","targetHints":{"allow":["GET"]}}],"collection":[{"href":"https:\/\/www.automoto-sr.info\/index.php?rest_route=\/wp\/v2\/pages"}],"about":[{"href":"https:\/\/www.automoto-sr.info\/index.php?rest_route=\/wp\/v2\/types\/page"}],"author":[{"embeddable":true,"href":"https:\/\/www.automoto-sr.info\/index.php?rest_route=\/wp\/v2\/users\/1"}],"replies":[{"embeddable":true,"href":"https:\/\/www.automoto-sr.info\/index.php?rest_route=%2Fwp%2Fv2%2Fcomments&post=101"}],"version-history":[{"count":18,"href":"https:\/\/www.automoto-sr.info\/index.php?rest_route=\/wp\/v2\/pages\/101\/revisions"}],"predecessor-version":[{"id":1280,"href":"https:\/\/www.automoto-sr.info\/index.php?rest_route=\/wp\/v2\/pages\/101\/revisions\/1280"}],"up":[{"embeddable":true,"href":"https:\/\/www.automoto-sr.info\/index.php?rest_route=\/wp\/v2\/pages\/2"}],"wp:attachment":[{"href":"https:\/\/www.automoto-sr.info\/index.php?rest_route=%2Fwp%2Fv2%2Fmedia&parent=101"}],"curies":[{"name":"wp","href":"https:\/\/api.w.org\/{rel}","templated":true}]}}